{"id":457,"date":"2017-11-10T12:00:52","date_gmt":"2017-11-10T11:00:52","guid":{"rendered":"https:\/\/www.groupe-adit.fr\/careers-edit\/"},"modified":"2026-02-02T11:09:24","modified_gmt":"2026-02-02T10:09:24","slug":"carriere","status":"publish","type":"page","link":"https:\/\/www.groupe-adit.fr\/fr\/carriere\/","title":{"rendered":"Carri\u00e8re"},"content":{"rendered":"<p>Au sein du Groupe ADIT, vous avez la possibilit\u00e9 de <strong>rejoindre une entreprise leader de son secteur<\/strong>, en France, en Europe et dans le monde.<\/p>\n<p>Nous vous invitons \u00e0 prendre connaissance des offres d&#8217;emploi consultables sur les sites de nos diff\u00e9rentes filiales (<a href=\"https:\/\/www.eslnetwork.com\/contact\/\">ESL-Rivington<\/a>, <a href=\"https:\/\/www.antidox.fr\/nous-rejoindre\/\">Antidox<\/a>, <a href=\"https:\/\/www.stratinfo.eu\/contact\">Stratinfo<\/a>, <a href=\"https:\/\/salveo.international\/contact\/\">Salveo<\/a>, <a href=\"https:\/\/www.linkedin.com\/company\/geos_2\/\">GEOS<\/a>, <a href=\"https:\/\/www.mind-techno.fr\/societe.php\">Mind Technologies<\/a>, <a href=\"https:\/\/groupedci.fr\/carriere\/nous-rejoindre\/\">DCI<\/a> et <a href=\"https:\/\/europavia.es\/en\/join-us\/\">Europavia<\/a>) ; vous trouverez ci-dessous celles de l&rsquo;<a href=\"https:\/\/www.linkedin.com\/company\/groupe-adit\">ADIT<\/a>.<\/p>\n<p>&nbsp;<\/p>\n<p><strong>Pourquoi travailler \u00e0 l\u2019ADIT\u00a0? <\/strong><\/p>\n<ul>\n<li>Pour int\u00e9grer un <strong>acteur de r\u00e9f\u00e9rence du conseil<\/strong>, reconnu pour son <strong>expertise unique<\/strong> en compliance op\u00e9rationnelle, intelligence strat\u00e9gique, <em>business litigation<\/em> et \u00e9thique des affaires,<\/li>\n<li>Pour travailler au contact permanent d\u2019experts \u00a0au c\u0153ur des <strong>dynamiques d\u00e9cisionnelles et d\u2019enjeux g\u00e9o\u00e9conomiques, g\u00e9opolitiques et internationaux passionnants<\/strong>. De nombreux grands groupes, comme des PME ou ETI et des collectivit\u00e9s nous font confiance, vous garantissant ainsi une vari\u00e9t\u00e9 exceptionnelle dans le profil de vos missions.<\/li>\n<li>Pour int\u00e9grer une <strong>entreprise particuli\u00e8rement attentive \u00e0 la qualit\u00e9 du travail <\/strong>: locaux parisiens modernes et spacieux (HQE)\u00a0; accessibilit\u00e9 optimale des moyens de transport ; participation annuelle motivante\u00a0; \u00e9pargne salariale (PEE) ; compl\u00e9mentaire sant\u00e9 attractive et performante ; travail hybride\u00a0;\u00a0 autonomie et confiance dans les relations de travail.<\/li>\n<\/ul>\n<p>&nbsp;<\/p>\n<p><strong>Le sens de notre politique RH\u00a0: faire rayonner les valeurs du Groupe ADIT<\/strong><\/p>\n<p>Les <strong>valeurs humaines<\/strong>, conjugu\u00e9es \u00e0 nos valeurs partag\u00e9es de confidentialit\u00e9, int\u00e9grit\u00e9, fiabilit\u00e9 et r\u00e9activit\u00e9, sont les fondements de notre politique de Ressources Humaines.<\/p>\n<p><strong>Nous \u00a0faisons grandir la<\/strong> <strong>diversit\u00e9 dans nos \u00e9quipes<\/strong>, qui comprennent d\u2019autant plus facilement les environnements et sp\u00e9cificit\u00e9s des clients que nous conseillons. La richesse des interactions internes fa\u00e7onne un environnement de travail appr\u00e9ci\u00e9 de toutes les \u00e9quipes, bas\u00e9 sur la compr\u00e9hension et l\u2019enrichissement r\u00e9ciproque.<\/p>\n<p>Notre <strong>politique de recrutement volontariste<\/strong> priorise, \u00e0 comp\u00e9tence \u00e9gale, le genre sous-repr\u00e9sent\u00e9 au sein de chaque \u00e9quipe. Notre index \u00e9galit\u00e9 professionnelle 2026 (au titre de l&rsquo;ann\u00e9e 2025) de 94\/100 a donc progress\u00e9, boost\u00e9 par des parcours professionnels qui garantissent \u00e0 chaque salari\u00e9.e une objectivation optimale de ses progressions salariales.<\/p>\n<p>&nbsp;<\/p>\n<p><strong>Rejoignez-nous !<\/strong><\/p>\n<p>Rejoignez l&rsquo;ADIT et postulez aux offres ouvertes<\/p>\n<p>Aucune offre ne correspond ?<\/p>\n<p>Nous sommes toujours \u00e0 la recherche de nouveaux talents et de candidats motiv\u00e9s, n\u2019h\u00e9sitez pas \u00e0 postuler !<\/p>\n<p>&nbsp;<\/p>\n<p><em>Sans r\u00e9ponse de notre part sous trois mois, veuillez consid\u00e9rer que votre demande n\u2019est pas retenue et que les donn\u00e9es y aff\u00e9rentes sont d\u00e9truites.<\/em><\/p>\n<p><em>Pour en savoir plus concernant le traitement de vos donn\u00e9es \u00e0 caract\u00e8re personnel par le Groupe ADIT dans le cadre du processus de recrutement, ou pour exercer vos droits, veuillez consulter notre <strong>politique de protection des donn\u00e9es personnelles<\/strong>.<\/em><\/p>\n","protected":false},"excerpt":{"rendered":"<p>Au sein du Groupe ADIT, vous avez la possibilit\u00e9 de rejoindre une entreprise leader de son secteur, en France, en Europe et dans le monde. Nous vous invitons \u00e0 prendre connaissance des offres d&#8217;emploi consultables sur les sites de nos diff\u00e9rentes filiales (ESL-Rivington, Antidox, Stratinfo, Salveo, GEOS, Mind Technologies, DCI et Europavia) ; vous trouverez [&hellip;]<\/p>\n","protected":false},"author":1,"featured_media":0,"parent":0,"menu_order":16,"comment_status":"closed","ping_status":"closed","template":"page-careers.php","meta":{"_acf_changed":false,"footnotes":""},"class_list":["post-457","page","type-page","status-publish","hentry"],"acf":[],"_links":{"self":[{"href":"https:\/\/www.groupe-adit.fr\/fr\/wp-json\/wp\/v2\/pages\/457","targetHints":{"allow":["GET"]}}],"collection":[{"href":"https:\/\/www.groupe-adit.fr\/fr\/wp-json\/wp\/v2\/pages"}],"about":[{"href":"https:\/\/www.groupe-adit.fr\/fr\/wp-json\/wp\/v2\/types\/page"}],"author":[{"embeddable":true,"href":"https:\/\/www.groupe-adit.fr\/fr\/wp-json\/wp\/v2\/users\/1"}],"replies":[{"embeddable":true,"href":"https:\/\/www.groupe-adit.fr\/fr\/wp-json\/wp\/v2\/comments?post=457"}],"version-history":[{"count":10,"href":"https:\/\/www.groupe-adit.fr\/fr\/wp-json\/wp\/v2\/pages\/457\/revisions"}],"predecessor-version":[{"id":5719,"href":"https:\/\/www.groupe-adit.fr\/fr\/wp-json\/wp\/v2\/pages\/457\/revisions\/5719"}],"wp:attachment":[{"href":"https:\/\/www.groupe-adit.fr\/fr\/wp-json\/wp\/v2\/media?parent=457"}],"curies":[{"name":"wp","href":"https:\/\/api.w.org\/{rel}","templated":true}]}}