{"id":4473,"date":"2024-06-20T09:19:29","date_gmt":"2024-06-20T07:19:29","guid":{"rendered":"https:\/\/www.groupe-adit.fr\/?page_id=4473"},"modified":"2026-01-26T11:52:09","modified_gmt":"2026-01-26T10:52:09","slug":"nos-engagements","status":"publish","type":"page","link":"https:\/\/www.groupe-adit.fr\/fr\/nos-engagements\/","title":{"rendered":"Nos engagements"},"content":{"rendered":"<p>Le Groupe ADIT m\u00e8ne ses missions et ses interventions en s&rsquo;engageant \u00e0 strictement respecter ses <strong>quatre valeurs cardinales<\/strong>, port\u00e9es et appliqu\u00e9es depuis sa cr\u00e9ation : int\u00e9grit\u00e9, confidentialit\u00e9, fiabilit\u00e9 et d\u00e9ontologie.<\/p>\n<p>Ces valeurs se d\u00e9clinent op\u00e9rationnellement en une <strong>approche Compliance &amp; ESG<\/strong> d\u00e9ploy\u00e9e par le Groupe ADIT dans ses diff\u00e9rentes filiales et sont incarn\u00e9es par un <strong>Comit\u00e9 d&rsquo;Ethique et de Souverainet\u00e9 Economique<\/strong> cr\u00e9\u00e9 en <strong>2024<\/strong>. Pr\u00e9sid\u00e9 par Pierre de Bousquet, ce Comit\u00e9 est comp\u00e9tent sur l\u2019ensemble des enjeux de la conformit\u00e9 au sens large ainsi que sur le th\u00e8me de la souverainet\u00e9 \u00e9conomique ; il a pour principale mission d\u2019apporter des r\u00e9ponses op\u00e9rationnelles aux questions \u00e9thiques des filiales du groupe tout en assurant une ma\u00eetrise des risques et la bonne application du programme de compliance du groupe.<\/p>\n<p>&nbsp;<\/p>\n<p>&nbsp;<\/p>\n","protected":false},"excerpt":{"rendered":"<p>Le Groupe ADIT m\u00e8ne ses missions et ses interventions en s&rsquo;engageant \u00e0 strictement respecter ses quatre valeurs cardinales, port\u00e9es et appliqu\u00e9es depuis sa cr\u00e9ation : int\u00e9grit\u00e9, confidentialit\u00e9, fiabilit\u00e9 et d\u00e9ontologie. Ces valeurs se d\u00e9clinent op\u00e9rationnellement en une approche Compliance &amp; ESG d\u00e9ploy\u00e9e par le Groupe ADIT dans ses diff\u00e9rentes filiales et sont incarn\u00e9es par un [&hellip;]<\/p>\n","protected":false},"author":1,"featured_media":0,"parent":0,"menu_order":2,"comment_status":"closed","ping_status":"closed","template":"","meta":{"_acf_changed":false,"footnotes":""},"class_list":["post-4473","page","type-page","status-publish","hentry"],"acf":[],"_links":{"self":[{"href":"https:\/\/www.groupe-adit.fr\/fr\/wp-json\/wp\/v2\/pages\/4473","targetHints":{"allow":["GET"]}}],"collection":[{"href":"https:\/\/www.groupe-adit.fr\/fr\/wp-json\/wp\/v2\/pages"}],"about":[{"href":"https:\/\/www.groupe-adit.fr\/fr\/wp-json\/wp\/v2\/types\/page"}],"author":[{"embeddable":true,"href":"https:\/\/www.groupe-adit.fr\/fr\/wp-json\/wp\/v2\/users\/1"}],"replies":[{"embeddable":true,"href":"https:\/\/www.groupe-adit.fr\/fr\/wp-json\/wp\/v2\/comments?post=4473"}],"version-history":[{"count":7,"href":"https:\/\/www.groupe-adit.fr\/fr\/wp-json\/wp\/v2\/pages\/4473\/revisions"}],"predecessor-version":[{"id":5716,"href":"https:\/\/www.groupe-adit.fr\/fr\/wp-json\/wp\/v2\/pages\/4473\/revisions\/5716"}],"wp:attachment":[{"href":"https:\/\/www.groupe-adit.fr\/fr\/wp-json\/wp\/v2\/media?parent=4473"}],"curies":[{"name":"wp","href":"https:\/\/api.w.org\/{rel}","templated":true}]}}